{"id":19,"date":"2020-12-16T09:18:44","date_gmt":"2020-12-16T08:18:44","guid":{"rendered":"http:\/\/quartier-durable.com\/NouveauSiteQD\/?page_id=19"},"modified":"2021-02-01T12:50:50","modified_gmt":"2021-02-01T11:50:50","slug":"contact","status":"publish","type":"page","link":"https:\/\/quartier-durable.com\/index.php\/contact\/","title":{"rendered":"Vous avez une question ou un projet ? Contactez-nous !"},"content":{"rendered":"\n<p>Envoyez-nous un message<\/p>\n\n\n\n<div class=\"wp-block-contact-form-7-contact-form-selector\"><div role=\"form\" class=\"wpcf7\" id=\"wpcf7-f159-o1\" lang=\"fr-FR\" dir=\"ltr\">\n<div class=\"screen-reader-response\"><p role=\"status\" aria-live=\"polite\" aria-atomic=\"true\"><\/p> <ul><\/ul><\/div>\n<form action=\"\/index.php\/wp-json\/wp\/v2\/pages\/19#wpcf7-f159-o1\" method=\"post\" class=\"wpcf7-form init\" novalidate=\"novalidate\" data-status=\"init\">\n<div style=\"display: none;\">\n<input type=\"hidden\" name=\"_wpcf7\" value=\"159\" \/>\n<input type=\"hidden\" name=\"_wpcf7_version\" value=\"5.4.1\" \/>\n<input type=\"hidden\" name=\"_wpcf7_locale\" value=\"fr_FR\" \/>\n<input type=\"hidden\" name=\"_wpcf7_unit_tag\" value=\"wpcf7-f159-o1\" \/>\n<input type=\"hidden\" name=\"_wpcf7_container_post\" value=\"0\" \/>\n<input type=\"hidden\" name=\"_wpcf7_posted_data_hash\" value=\"\" \/>\n<input type=\"hidden\" name=\"_wpcf7_recaptcha_response\" value=\"\" \/>\n<\/div>\n<p><label> Votre nom<br \/>\n    <span class=\"wpcf7-form-control-wrap your-name\"><input type=\"text\" name=\"your-name\" value=\"\" size=\"40\" class=\"wpcf7-form-control wpcf7-text wpcf7-validates-as-required\" aria-required=\"true\" aria-invalid=\"false\" \/><\/span> <\/label><\/p>\n<p><label> Votre adresse de messagerie<br \/>\n    <span class=\"wpcf7-form-control-wrap your-email\"><input type=\"email\" name=\"your-email\" value=\"\" size=\"40\" class=\"wpcf7-form-control wpcf7-text wpcf7-email wpcf7-validates-as-required wpcf7-validates-as-email\" aria-required=\"true\" aria-invalid=\"false\" \/><\/span> <\/label><\/p>\n<p><label> Objet<br \/>\n    <span class=\"wpcf7-form-control-wrap your-subject\"><input type=\"text\" name=\"your-subject\" value=\"\" size=\"40\" class=\"wpcf7-form-control wpcf7-text wpcf7-validates-as-required\" aria-required=\"true\" aria-invalid=\"false\" \/><\/span> <\/label><\/p>\n<p><label> Votre message (facultatif)<br \/>\n    <span class=\"wpcf7-form-control-wrap your-message\"><textarea name=\"your-message\" cols=\"40\" rows=\"10\" class=\"wpcf7-form-control wpcf7-textarea\" aria-invalid=\"false\"><\/textarea><\/span> <\/label><\/p>\n<p><input type=\"submit\" value=\"Envoyer\" class=\"wpcf7-form-control wpcf7-submit\" \/><\/p>\n<div class=\"wpcf7-response-output\" aria-hidden=\"true\"><\/div><\/form><\/div><\/div>\n\n\n\n<div class=\"wp-block-columns\">\n<div class=\"wp-block-column\" style=\"flex-basis:100%\">\n<div class=\"wp-block-group\"><div class=\"wp-block-group__inner-container\">\n<div class=\"wp-block-columns are-vertically-aligned-center\">\n<div class=\"wp-block-column is-vertically-aligned-center\" style=\"flex-basis:100%\">\n<p>Ou Nous pouvons nous rencontrer sur rendez-vous dans les locaux de <a href=\"https:\/\/remorqeco.fr\">Remorqu&amp;Co<\/a>,  <\/p>\n\n\n\n<p>28, rue Nicolas APPERT<br>ZI NORD \u2013 87280 LIMOGES<\/p>\n\n\n\n<p><em>Mathieu LACHAISE<\/em>: 06.99.96.51.88<\/p>\n\n\n\n\n\n<blockquote class=\"wp-block-quote is-style-large\"><p>\u00ab\u00a0VOUS VOUS PROT\u00c9GEZ EN RESPECTANT LES GESTES BARRI\u00c8RES, NOUS VOUS PROT\u00c9GEONS EN D\u00c9SINFECTANT OU NETTOYANT R\u00c9GULI\u00c8REMENT DANS LA JOURN\u00c9E.\u00a0\u00bb<\/p><cite>#RESTONSPRUDENTS<\/cite><\/blockquote>\n\n\n\n<div class=\"wp-block-image\"><figure class=\"aligncenter size-large is-resized\"><a href=\"https:\/\/www.facebook.com\/Quartierdurable87\"><img loading=\"lazy\" src=\"https:\/\/quartier-durable.com\/NouveauSiteQD\/wp-content\/uploads\/2021\/02\/FB-e1612179206698.png\" alt=\"\" class=\"wp-image-218\" width=\"59\" height=\"59\"\/><\/a><figcaption> <\/figcaption><\/figure><\/div>\n<\/div>\n<\/div>\n<\/div><\/div>\n<\/div>\n<\/div>\n","protected":false},"excerpt":{"rendered":"<p>Envoyez-nous un message<\/p>\n","protected":false},"author":1,"featured_media":0,"parent":0,"menu_order":0,"comment_status":"closed","ping_status":"closed","template":"","meta":[],"yoast_head":"<!-- This site is optimized with the Yoast SEO plugin v16.2 - https:\/\/yoast.com\/wordpress\/plugins\/seo\/ -->\n<title>Vous avez une question ou un projet ? Contactez-nous ! - OMBRIS<\/title>\n<meta name=\"description\" content=\"Nous pouvons nous rencontrer sur rendez-vous dans les locaux de Remorqu&amp;Co 28, rue Nicolas APPERT - ZI NORD \u2013 87280 LIMOGES\" \/>\n<meta name=\"robots\" content=\"index, follow, max-snippet:-1, max-image-preview:large, max-video-preview:-1\" \/>\n<link rel=\"canonical\" href=\"https:\/\/quartier-durable.com\/index.php\/contact\/\" \/>\n<meta property=\"og:locale\" content=\"fr_FR\" \/>\n<meta property=\"og:type\" content=\"article\" \/>\n<meta property=\"og:title\" content=\"Vous avez une question ou un projet ? Contactez-nous ! - OMBRIS\" \/>\n<meta property=\"og:description\" content=\"Nous pouvons nous rencontrer sur rendez-vous dans les locaux de Remorqu&amp;Co 28, rue Nicolas APPERT - ZI NORD \u2013 87280 LIMOGES\" \/>\n<meta property=\"og:url\" content=\"https:\/\/quartier-durable.com\/index.php\/contact\/\" \/>\n<meta property=\"og:site_name\" content=\"OMBRIS\" \/>\n<meta property=\"article:publisher\" content=\"https:\/\/www.facebook.com\/Quartierdurable87\" \/>\n<meta property=\"article:modified_time\" content=\"2021-02-01T11:50:50+00:00\" \/>\n<meta property=\"og:image\" content=\"https:\/\/quartier-durable.com\/NouveauSiteQD\/wp-content\/uploads\/2021\/02\/FB-e1612179206698.png\" \/>\n<meta name=\"twitter:card\" content=\"summary_large_image\" \/>\n<meta name=\"twitter:label1\" content=\"Dur\u00e9e de lecture est.\">\n\t<meta name=\"twitter:data1\" content=\"1 minute\">\n<script type=\"application\/ld+json\" class=\"yoast-schema-graph\">{\"@context\":\"https:\/\/schema.org\",\"@graph\":[{\"@type\":\"Organization\",\"@id\":\"https:\/\/quartier-durable.com\/#organization\",\"name\":\"Tiny House Quartier Durable\",\"url\":\"https:\/\/quartier-durable.com\/\",\"sameAs\":[\"https:\/\/www.facebook.com\/Quartierdurable87\"],\"logo\":{\"@type\":\"ImageObject\",\"@id\":\"https:\/\/quartier-durable.com\/#logo\",\"inLanguage\":\"fr-FR\",\"url\":\"https:\/\/quartier-durable.com\/NouveauSiteQD\/wp-content\/uploads\/2021\/01\/icone.png\",\"contentUrl\":\"https:\/\/quartier-durable.com\/NouveauSiteQD\/wp-content\/uploads\/2021\/01\/icone.png\",\"width\":80,\"height\":73,\"caption\":\"Tiny House Quartier Durable\"},\"image\":{\"@id\":\"https:\/\/quartier-durable.com\/#logo\"}},{\"@type\":\"WebSite\",\"@id\":\"https:\/\/quartier-durable.com\/#website\",\"url\":\"https:\/\/quartier-durable.com\/\",\"name\":\"Tiny House - Quartier Durable \\u00e0 Limoges\",\"description\":\"Offrez confort, protection, s\\u00e9curit\\u00e9, esth\\u00e9tique pour vous vos collaborateurs et vos visiteurs\",\"publisher\":{\"@id\":\"https:\/\/quartier-durable.com\/#organization\"},\"potentialAction\":[{\"@type\":\"SearchAction\",\"target\":\"https:\/\/quartier-durable.com\/?s={search_term_string}\",\"query-input\":\"required name=search_term_string\"}],\"inLanguage\":\"fr-FR\"},{\"@type\":\"ImageObject\",\"@id\":\"https:\/\/quartier-durable.com\/index.php\/contact\/#primaryimage\",\"inLanguage\":\"fr-FR\",\"url\":\"https:\/\/quartier-durable.com\/NouveauSiteQD\/wp-content\/uploads\/2021\/02\/FB-e1612179206698.png\",\"contentUrl\":\"https:\/\/quartier-durable.com\/NouveauSiteQD\/wp-content\/uploads\/2021\/02\/FB-e1612179206698.png\",\"width\":150,\"height\":150},{\"@type\":\"WebPage\",\"@id\":\"https:\/\/quartier-durable.com\/index.php\/contact\/#webpage\",\"url\":\"https:\/\/quartier-durable.com\/index.php\/contact\/\",\"name\":\"Vous avez une question ou un projet ? Contactez-nous ! - OMBRIS\",\"isPartOf\":{\"@id\":\"https:\/\/quartier-durable.com\/#website\"},\"primaryImageOfPage\":{\"@id\":\"https:\/\/quartier-durable.com\/index.php\/contact\/#primaryimage\"},\"datePublished\":\"2020-12-16T08:18:44+00:00\",\"dateModified\":\"2021-02-01T11:50:50+00:00\",\"description\":\"Nous pouvons nous rencontrer sur rendez-vous dans les locaux de Remorqu&Co 28, rue Nicolas APPERT - ZI NORD \\u2013 87280 LIMOGES\",\"breadcrumb\":{\"@id\":\"https:\/\/quartier-durable.com\/index.php\/contact\/#breadcrumb\"},\"inLanguage\":\"fr-FR\",\"potentialAction\":[{\"@type\":\"ReadAction\",\"target\":[\"https:\/\/quartier-durable.com\/index.php\/contact\/\"]}]},{\"@type\":\"BreadcrumbList\",\"@id\":\"https:\/\/quartier-durable.com\/index.php\/contact\/#breadcrumb\",\"itemListElement\":[{\"@type\":\"ListItem\",\"position\":1,\"item\":{\"@type\":\"WebPage\",\"@id\":\"https:\/\/quartier-durable.com\/\",\"url\":\"https:\/\/quartier-durable.com\/\",\"name\":\"Accueil\"}},{\"@type\":\"ListItem\",\"position\":2,\"item\":{\"@id\":\"https:\/\/quartier-durable.com\/index.php\/contact\/#webpage\"}}]}]}<\/script>\n<!-- \/ Yoast SEO plugin. -->","_links":{"self":[{"href":"https:\/\/quartier-durable.com\/index.php\/wp-json\/wp\/v2\/pages\/19"}],"collection":[{"href":"https:\/\/quartier-durable.com\/index.php\/wp-json\/wp\/v2\/pages"}],"about":[{"href":"https:\/\/quartier-durable.com\/index.php\/wp-json\/wp\/v2\/types\/page"}],"author":[{"embeddable":true,"href":"https:\/\/quartier-durable.com\/index.php\/wp-json\/wp\/v2\/users\/1"}],"replies":[{"embeddable":true,"href":"https:\/\/quartier-durable.com\/index.php\/wp-json\/wp\/v2\/comments?post=19"}],"version-history":[{"count":14,"href":"https:\/\/quartier-durable.com\/index.php\/wp-json\/wp\/v2\/pages\/19\/revisions"}],"predecessor-version":[{"id":227,"href":"https:\/\/quartier-durable.com\/index.php\/wp-json\/wp\/v2\/pages\/19\/revisions\/227"}],"wp:attachment":[{"href":"https:\/\/quartier-durable.com\/index.php\/wp-json\/wp\/v2\/media?parent=19"}],"curies":[{"name":"wp","href":"https:\/\/api.w.org\/{rel}","templated":true}]}}