{"id":25,"date":"2020-12-16T09:18:44","date_gmt":"2020-12-16T08:18:44","guid":{"rendered":"http:\/\/quartier-durable.com\/NouveauSiteQD\/?page_id=25"},"modified":"2023-03-14T17:34:58","modified_gmt":"2023-03-14T16:34:58","slug":"tiny-adaptee-a-notre-mode-de-vie","status":"publish","type":"page","link":"https:\/\/quartier-durable.com\/","title":{"rendered":"Notre gamme SOBOX"},"content":{"rendered":"\n<div class=\"wp-block-columns\">\n<div class=\"wp-block-column\" style=\"flex-basis:100%\">\n<div class=\"wp-block-columns\"><\/div>\n<\/div>\n<\/div>\n\n\n\n<div class=\"wp-block-image\"><figure class=\"alignright size-large is-resized\"><img loading=\"lazy\" src=\"https:\/\/quartier-durable.com\/NouveauSiteQD\/wp-content\/uploads\/2023\/03\/carbox-1-1024x335.jpg\" alt=\"\" class=\"wp-image-5269\" width=\"764\" height=\"250\" srcset=\"https:\/\/quartier-durable.com\/NouveauSiteQD\/wp-content\/uploads\/2023\/03\/carbox-1-1024x335.jpg 1024w, https:\/\/quartier-durable.com\/NouveauSiteQD\/wp-content\/uploads\/2023\/03\/carbox-1-300x98.jpg 300w, https:\/\/quartier-durable.com\/NouveauSiteQD\/wp-content\/uploads\/2023\/03\/carbox-1-768x251.jpg 768w, https:\/\/quartier-durable.com\/NouveauSiteQD\/wp-content\/uploads\/2023\/03\/carbox-1-24x8.jpg 24w, https:\/\/quartier-durable.com\/NouveauSiteQD\/wp-content\/uploads\/2023\/03\/carbox-1-36x12.jpg 36w, https:\/\/quartier-durable.com\/NouveauSiteQD\/wp-content\/uploads\/2023\/03\/carbox-1-48x16.jpg 48w, https:\/\/quartier-durable.com\/NouveauSiteQD\/wp-content\/uploads\/2023\/03\/carbox-1.jpg 1529w\" sizes=\"(max-width: 706px) 89vw, (max-width: 767px) 82vw, 740px\" \/><\/figure><\/div>\n\n\n\n<div class=\"wp-block-image\"><figure class=\"alignright size-large is-resized\"><img loading=\"lazy\" src=\"https:\/\/quartier-durable.com\/NouveauSiteQD\/wp-content\/uploads\/2023\/03\/carbox-image.jpg\" alt=\"\" class=\"wp-image-5258\" width=\"765\" height=\"341\" srcset=\"https:\/\/quartier-durable.com\/NouveauSiteQD\/wp-content\/uploads\/2023\/03\/carbox-image.jpg 1022w, https:\/\/quartier-durable.com\/NouveauSiteQD\/wp-content\/uploads\/2023\/03\/carbox-image-300x134.jpg 300w, https:\/\/quartier-durable.com\/NouveauSiteQD\/wp-content\/uploads\/2023\/03\/carbox-image-768x343.jpg 768w, https:\/\/quartier-durable.com\/NouveauSiteQD\/wp-content\/uploads\/2023\/03\/carbox-image-24x11.jpg 24w, https:\/\/quartier-durable.com\/NouveauSiteQD\/wp-content\/uploads\/2023\/03\/carbox-image-36x16.jpg 36w, https:\/\/quartier-durable.com\/NouveauSiteQD\/wp-content\/uploads\/2023\/03\/carbox-image-48x21.jpg 48w\" sizes=\"(max-width: 706px) 89vw, (max-width: 767px) 82vw, 740px\" \/><\/figure><\/div>\n\n\n\n<div class=\"wp-block-image\"><figure class=\"alignright size-large is-resized\"><img loading=\"lazy\" src=\"https:\/\/quartier-durable.com\/NouveauSiteQD\/wp-content\/uploads\/2023\/03\/skybox-1024x328.jpg\" alt=\"\" class=\"wp-image-5259\" width=\"764\" height=\"244\" srcset=\"https:\/\/quartier-durable.com\/NouveauSiteQD\/wp-content\/uploads\/2023\/03\/skybox-1024x328.jpg 1024w, https:\/\/quartier-durable.com\/NouveauSiteQD\/wp-content\/uploads\/2023\/03\/skybox-300x96.jpg 300w, https:\/\/quartier-durable.com\/NouveauSiteQD\/wp-content\/uploads\/2023\/03\/skybox-768x246.jpg 768w, https:\/\/quartier-durable.com\/NouveauSiteQD\/wp-content\/uploads\/2023\/03\/skybox-24x8.jpg 24w, https:\/\/quartier-durable.com\/NouveauSiteQD\/wp-content\/uploads\/2023\/03\/skybox-36x12.jpg 36w, https:\/\/quartier-durable.com\/NouveauSiteQD\/wp-content\/uploads\/2023\/03\/skybox-48x15.jpg 48w, https:\/\/quartier-durable.com\/NouveauSiteQD\/wp-content\/uploads\/2023\/03\/skybox.jpg 1526w\" sizes=\"(max-width: 706px) 89vw, (max-width: 767px) 82vw, 740px\" \/><\/figure><\/div>\n\n\n\n<div class=\"wp-block-image\"><figure class=\"alignright size-large is-resized\"><img loading=\"lazy\" src=\"https:\/\/quartier-durable.com\/NouveauSiteQD\/wp-content\/uploads\/2023\/03\/skybox-image-1024x437.jpg\" alt=\"\" class=\"wp-image-5260\" width=\"763\" height=\"325\" srcset=\"https:\/\/quartier-durable.com\/NouveauSiteQD\/wp-content\/uploads\/2023\/03\/skybox-image-1024x437.jpg 1024w, https:\/\/quartier-durable.com\/NouveauSiteQD\/wp-content\/uploads\/2023\/03\/skybox-image-300x128.jpg 300w, https:\/\/quartier-durable.com\/NouveauSiteQD\/wp-content\/uploads\/2023\/03\/skybox-image-768x328.jpg 768w, https:\/\/quartier-durable.com\/NouveauSiteQD\/wp-content\/uploads\/2023\/03\/skybox-image-24x10.jpg 24w, https:\/\/quartier-durable.com\/NouveauSiteQD\/wp-content\/uploads\/2023\/03\/skybox-image-36x15.jpg 36w, https:\/\/quartier-durable.com\/NouveauSiteQD\/wp-content\/uploads\/2023\/03\/skybox-image-48x21.jpg 48w, https:\/\/quartier-durable.com\/NouveauSiteQD\/wp-content\/uploads\/2023\/03\/skybox-image.jpg 1065w\" sizes=\"(max-width: 706px) 89vw, (max-width: 767px) 82vw, 740px\" \/><\/figure><\/div>\n\n\n\n<div class=\"wp-block-image\"><figure class=\"alignright size-large is-resized\"><img loading=\"lazy\" src=\"https:\/\/quartier-durable.com\/NouveauSiteQD\/wp-content\/uploads\/2023\/03\/optimbox-1024x336.jpg\" alt=\"\" class=\"wp-image-5261\" width=\"761\" height=\"249\" srcset=\"https:\/\/quartier-durable.com\/NouveauSiteQD\/wp-content\/uploads\/2023\/03\/optimbox-1024x336.jpg 1024w, https:\/\/quartier-durable.com\/NouveauSiteQD\/wp-content\/uploads\/2023\/03\/optimbox-300x98.jpg 300w, https:\/\/quartier-durable.com\/NouveauSiteQD\/wp-content\/uploads\/2023\/03\/optimbox-768x252.jpg 768w, https:\/\/quartier-durable.com\/NouveauSiteQD\/wp-content\/uploads\/2023\/03\/optimbox-24x8.jpg 24w, https:\/\/quartier-durable.com\/NouveauSiteQD\/wp-content\/uploads\/2023\/03\/optimbox-36x12.jpg 36w, https:\/\/quartier-durable.com\/NouveauSiteQD\/wp-content\/uploads\/2023\/03\/optimbox-48x16.jpg 48w, https:\/\/quartier-durable.com\/NouveauSiteQD\/wp-content\/uploads\/2023\/03\/optimbox.jpg 1530w\" sizes=\"(max-width: 706px) 89vw, (max-width: 767px) 82vw, 740px\" \/><\/figure><\/div>\n\n\n\n<div class=\"wp-block-image\"><figure class=\"alignright size-large is-resized\"><img loading=\"lazy\" src=\"https:\/\/quartier-durable.com\/NouveauSiteQD\/wp-content\/uploads\/2023\/03\/optimbox-image-1024x438.jpg\" alt=\"\" class=\"wp-image-5262\" width=\"758\" height=\"324\" srcset=\"https:\/\/quartier-durable.com\/NouveauSiteQD\/wp-content\/uploads\/2023\/03\/optimbox-image-1024x438.jpg 1024w, https:\/\/quartier-durable.com\/NouveauSiteQD\/wp-content\/uploads\/2023\/03\/optimbox-image-300x128.jpg 300w, https:\/\/quartier-durable.com\/NouveauSiteQD\/wp-content\/uploads\/2023\/03\/optimbox-image-768x329.jpg 768w, https:\/\/quartier-durable.com\/NouveauSiteQD\/wp-content\/uploads\/2023\/03\/optimbox-image-24x10.jpg 24w, https:\/\/quartier-durable.com\/NouveauSiteQD\/wp-content\/uploads\/2023\/03\/optimbox-image-36x15.jpg 36w, https:\/\/quartier-durable.com\/NouveauSiteQD\/wp-content\/uploads\/2023\/03\/optimbox-image-48x21.jpg 48w, https:\/\/quartier-durable.com\/NouveauSiteQD\/wp-content\/uploads\/2023\/03\/optimbox-image.jpg 1066w\" sizes=\"(max-width: 706px) 89vw, (max-width: 767px) 82vw, 740px\" \/><\/figure><\/div>\n\n\n\n<div class=\"wp-block-image\"><figure class=\"alignright size-large is-resized\"><img loading=\"lazy\" src=\"https:\/\/quartier-durable.com\/NouveauSiteQD\/wp-content\/uploads\/2023\/03\/makobox-1024x332.jpg\" alt=\"\" class=\"wp-image-5263\" width=\"759\" height=\"246\" srcset=\"https:\/\/quartier-durable.com\/NouveauSiteQD\/wp-content\/uploads\/2023\/03\/makobox-1024x332.jpg 1024w, https:\/\/quartier-durable.com\/NouveauSiteQD\/wp-content\/uploads\/2023\/03\/makobox-300x97.jpg 300w, https:\/\/quartier-durable.com\/NouveauSiteQD\/wp-content\/uploads\/2023\/03\/makobox-768x249.jpg 768w, https:\/\/quartier-durable.com\/NouveauSiteQD\/wp-content\/uploads\/2023\/03\/makobox-24x8.jpg 24w, https:\/\/quartier-durable.com\/NouveauSiteQD\/wp-content\/uploads\/2023\/03\/makobox-36x12.jpg 36w, https:\/\/quartier-durable.com\/NouveauSiteQD\/wp-content\/uploads\/2023\/03\/makobox-48x16.jpg 48w, https:\/\/quartier-durable.com\/NouveauSiteQD\/wp-content\/uploads\/2023\/03\/makobox.jpg 1535w\" sizes=\"(max-width: 706px) 89vw, (max-width: 767px) 82vw, 740px\" \/><\/figure><\/div>\n\n\n\n<div class=\"wp-block-image\"><figure class=\"alignright size-large is-resized\"><img loading=\"lazy\" src=\"https:\/\/quartier-durable.com\/NouveauSiteQD\/wp-content\/uploads\/2023\/03\/makobox-image-1024x436.jpg\" alt=\"\" class=\"wp-image-5264\" width=\"758\" height=\"323\" srcset=\"https:\/\/quartier-durable.com\/NouveauSiteQD\/wp-content\/uploads\/2023\/03\/makobox-image-1024x436.jpg 1024w, https:\/\/quartier-durable.com\/NouveauSiteQD\/wp-content\/uploads\/2023\/03\/makobox-image-300x128.jpg 300w, https:\/\/quartier-durable.com\/NouveauSiteQD\/wp-content\/uploads\/2023\/03\/makobox-image-768x327.jpg 768w, https:\/\/quartier-durable.com\/NouveauSiteQD\/wp-content\/uploads\/2023\/03\/makobox-image-24x10.jpg 24w, https:\/\/quartier-durable.com\/NouveauSiteQD\/wp-content\/uploads\/2023\/03\/makobox-image-36x15.jpg 36w, https:\/\/quartier-durable.com\/NouveauSiteQD\/wp-content\/uploads\/2023\/03\/makobox-image-48x20.jpg 48w, https:\/\/quartier-durable.com\/NouveauSiteQD\/wp-content\/uploads\/2023\/03\/makobox-image.jpg 1074w\" sizes=\"(max-width: 706px) 89vw, (max-width: 767px) 82vw, 740px\" \/><\/figure><\/div>\n\n\n\n<div class=\"wp-block-image\"><figure class=\"alignright size-large is-resized\"><img loading=\"lazy\" src=\"https:\/\/quartier-durable.com\/NouveauSiteQD\/wp-content\/uploads\/2023\/03\/xtendbox-1024x343.jpg\" alt=\"\" class=\"wp-image-5265\" width=\"760\" height=\"254\" srcset=\"https:\/\/quartier-durable.com\/NouveauSiteQD\/wp-content\/uploads\/2023\/03\/xtendbox-1024x343.jpg 1024w, https:\/\/quartier-durable.com\/NouveauSiteQD\/wp-content\/uploads\/2023\/03\/xtendbox-300x100.jpg 300w, https:\/\/quartier-durable.com\/NouveauSiteQD\/wp-content\/uploads\/2023\/03\/xtendbox-768x257.jpg 768w, https:\/\/quartier-durable.com\/NouveauSiteQD\/wp-content\/uploads\/2023\/03\/xtendbox-24x8.jpg 24w, https:\/\/quartier-durable.com\/NouveauSiteQD\/wp-content\/uploads\/2023\/03\/xtendbox-36x12.jpg 36w, https:\/\/quartier-durable.com\/NouveauSiteQD\/wp-content\/uploads\/2023\/03\/xtendbox-48x16.jpg 48w, https:\/\/quartier-durable.com\/NouveauSiteQD\/wp-content\/uploads\/2023\/03\/xtendbox.jpg 1530w\" sizes=\"(max-width: 706px) 89vw, (max-width: 767px) 82vw, 740px\" \/><\/figure><\/div>\n\n\n\n<div class=\"wp-block-image\"><figure class=\"alignright size-large is-resized\"><img loading=\"lazy\" src=\"https:\/\/quartier-durable.com\/NouveauSiteQD\/wp-content\/uploads\/2023\/03\/xtendbox-image-1024x425.jpg\" alt=\"\" class=\"wp-image-5266\" width=\"763\" height=\"317\" srcset=\"https:\/\/quartier-durable.com\/NouveauSiteQD\/wp-content\/uploads\/2023\/03\/xtendbox-image-1024x425.jpg 1024w, https:\/\/quartier-durable.com\/NouveauSiteQD\/wp-content\/uploads\/2023\/03\/xtendbox-image-300x124.jpg 300w, https:\/\/quartier-durable.com\/NouveauSiteQD\/wp-content\/uploads\/2023\/03\/xtendbox-image-768x319.jpg 768w, https:\/\/quartier-durable.com\/NouveauSiteQD\/wp-content\/uploads\/2023\/03\/xtendbox-image-24x10.jpg 24w, https:\/\/quartier-durable.com\/NouveauSiteQD\/wp-content\/uploads\/2023\/03\/xtendbox-image-36x15.jpg 36w, https:\/\/quartier-durable.com\/NouveauSiteQD\/wp-content\/uploads\/2023\/03\/xtendbox-image-48x20.jpg 48w, https:\/\/quartier-durable.com\/NouveauSiteQD\/wp-content\/uploads\/2023\/03\/xtendbox-image.jpg 1075w\" sizes=\"(max-width: 706px) 89vw, (max-width: 767px) 82vw, 740px\" \/><\/figure><\/div>\n\n\n\n<div class=\"wp-block-image\"><figure class=\"alignright size-large is-resized\"><img loading=\"lazy\" src=\"https:\/\/quartier-durable.com\/NouveauSiteQD\/wp-content\/uploads\/2023\/03\/toiture-skybox-1024x435.jpg\" alt=\"\" class=\"wp-image-5267\" width=\"765\" height=\"325\" srcset=\"https:\/\/quartier-durable.com\/NouveauSiteQD\/wp-content\/uploads\/2023\/03\/toiture-skybox-1024x435.jpg 1024w, https:\/\/quartier-durable.com\/NouveauSiteQD\/wp-content\/uploads\/2023\/03\/toiture-skybox-300x127.jpg 300w, https:\/\/quartier-durable.com\/NouveauSiteQD\/wp-content\/uploads\/2023\/03\/toiture-skybox-768x326.jpg 768w, https:\/\/quartier-durable.com\/NouveauSiteQD\/wp-content\/uploads\/2023\/03\/toiture-skybox-1536x652.jpg 1536w, https:\/\/quartier-durable.com\/NouveauSiteQD\/wp-content\/uploads\/2023\/03\/toiture-skybox-24x10.jpg 24w, https:\/\/quartier-durable.com\/NouveauSiteQD\/wp-content\/uploads\/2023\/03\/toiture-skybox-36x15.jpg 36w, https:\/\/quartier-durable.com\/NouveauSiteQD\/wp-content\/uploads\/2023\/03\/toiture-skybox-48x20.jpg 48w, https:\/\/quartier-durable.com\/NouveauSiteQD\/wp-content\/uploads\/2023\/03\/toiture-skybox.jpg 1580w\" sizes=\"(max-width: 706px) 89vw, (max-width: 767px) 82vw, 740px\" \/><\/figure><\/div>\n","protected":false},"excerpt":{"rendered":"","protected":false},"author":1,"featured_media":0,"parent":0,"menu_order":0,"comment_status":"closed","ping_status":"closed","template":"","meta":[],"yoast_head":"<!-- This site is optimized with the Yoast SEO plugin v16.2 - https:\/\/yoast.com\/wordpress\/plugins\/seo\/ -->\n<title>Notre gamme SOBOX - OMBRIS<\/title>\n<meta name=\"description\" content=\"Installateur ombri\u00e8re, carport solaires, abri de jardin. Nos ateliers OMBRIS sont \u00e0 Limoges.\" \/>\n<meta name=\"robots\" content=\"index, follow, max-snippet:-1, max-image-preview:large, max-video-preview:-1\" \/>\n<link rel=\"canonical\" href=\"https:\/\/quartier-durable.com\/#content\" \/>\n<meta property=\"og:locale\" content=\"fr_FR\" \/>\n<meta property=\"og:type\" content=\"article\" \/>\n<meta property=\"og:title\" content=\"@Quartierdurable87\" \/>\n<meta property=\"og:description\" content=\"Offrez confort, protection, s\u00e9curit\u00e9, esth\u00e9tique pour vous vos collaborateurs et vos visiteurs OMBRIS \u00e0 Limoges\" \/>\n<meta property=\"og:url\" content=\"https:\/\/quartier-durable.com\/#content\" \/>\n<meta property=\"og:site_name\" content=\"OMBRIS\" \/>\n<meta property=\"article:publisher\" content=\"https:\/\/www.facebook.com\/Quartierdurable87\" \/>\n<meta property=\"article:modified_time\" content=\"2023-03-14T16:34:58+00:00\" \/>\n<meta property=\"og:image\" content=\"https:\/\/quartier-durable.com\/NouveauSiteQD\/wp-content\/uploads\/2020\/12\/imgtiny4-scaled.jpg\" \/>\n\t<meta property=\"og:image:width\" content=\"2560\" \/>\n\t<meta property=\"og:image:height\" content=\"1153\" \/>\n<meta name=\"twitter:card\" content=\"summary_large_image\" \/>\n<meta name=\"twitter:label1\" content=\"Dur\u00e9e de lecture est.\">\n\t<meta name=\"twitter:data1\" content=\"3 minutes\">\n<script type=\"application\/ld+json\" class=\"yoast-schema-graph\">{\"@context\":\"https:\/\/schema.org\",\"@graph\":[{\"@type\":\"Organization\",\"@id\":\"https:\/\/quartier-durable.com\/#organization\",\"name\":\"Tiny House Quartier Durable\",\"url\":\"https:\/\/quartier-durable.com\/\",\"sameAs\":[\"https:\/\/www.facebook.com\/Quartierdurable87\"],\"logo\":{\"@type\":\"ImageObject\",\"@id\":\"https:\/\/quartier-durable.com\/#logo\",\"inLanguage\":\"fr-FR\",\"url\":\"https:\/\/quartier-durable.com\/NouveauSiteQD\/wp-content\/uploads\/2021\/01\/icone.png\",\"contentUrl\":\"https:\/\/quartier-durable.com\/NouveauSiteQD\/wp-content\/uploads\/2021\/01\/icone.png\",\"width\":80,\"height\":73,\"caption\":\"Tiny House Quartier Durable\"},\"image\":{\"@id\":\"https:\/\/quartier-durable.com\/#logo\"}},{\"@type\":\"WebSite\",\"@id\":\"https:\/\/quartier-durable.com\/#website\",\"url\":\"https:\/\/quartier-durable.com\/\",\"name\":\"Tiny House - Quartier Durable \\u00e0 Limoges\",\"description\":\"Offrez confort, protection, s\\u00e9curit\\u00e9, esth\\u00e9tique pour vous vos collaborateurs et vos visiteurs\",\"publisher\":{\"@id\":\"https:\/\/quartier-durable.com\/#organization\"},\"potentialAction\":[{\"@type\":\"SearchAction\",\"target\":\"https:\/\/quartier-durable.com\/?s={search_term_string}\",\"query-input\":\"required name=search_term_string\"}],\"inLanguage\":\"fr-FR\"},{\"@type\":\"ImageObject\",\"@id\":\"https:\/\/quartier-durable.com\/#content#primaryimage\",\"inLanguage\":\"fr-FR\",\"url\":\"https:\/\/quartier-durable.com\/NouveauSiteQD\/wp-content\/uploads\/2020\/12\/imgtiny4-scaled.jpg\",\"contentUrl\":\"https:\/\/quartier-durable.com\/NouveauSiteQD\/wp-content\/uploads\/2020\/12\/imgtiny4-scaled.jpg\",\"width\":2560,\"height\":1153,\"caption\":\"Une Cuisine parfaitement \\u00e9quip\\u00e9e Lave vaiselle, Four, Plaque \\u00e0 induction, Hotte, R\\u00e9frig\\u00e9rateur Cong\\u00e9lateur, Lave linge, Four Micro Onde .\"},{\"@type\":[\"WebPage\",\"CollectionPage\"],\"@id\":\"https:\/\/quartier-durable.com\/#content#webpage\",\"url\":\"https:\/\/quartier-durable.com\/#content\",\"name\":\"Notre gamme SOBOX - OMBRIS\",\"isPartOf\":{\"@id\":\"https:\/\/quartier-durable.com\/#website\"},\"primaryImageOfPage\":{\"@id\":\"https:\/\/quartier-durable.com\/#content#primaryimage\"},\"datePublished\":\"2020-12-16T08:18:44+00:00\",\"dateModified\":\"2023-03-14T16:34:58+00:00\",\"description\":\"Installateur ombri\\u00e8re, carport solaires, abri de jardin. Nos ateliers OMBRIS sont \\u00e0 Limoges.\",\"breadcrumb\":{\"@id\":\"https:\/\/quartier-durable.com\/#content#breadcrumb\"},\"inLanguage\":\"fr-FR\",\"potentialAction\":[{\"@type\":\"ReadAction\",\"target\":[\"https:\/\/quartier-durable.com\/#content\"]}]},{\"@type\":\"BreadcrumbList\",\"@id\":\"https:\/\/quartier-durable.com\/#content#breadcrumb\",\"itemListElement\":[{\"@type\":\"ListItem\",\"position\":1,\"item\":{\"@type\":\"WebPage\",\"@id\":\"https:\/\/quartier-durable.com\/\",\"url\":\"https:\/\/quartier-durable.com\/\",\"name\":\"Accueil\"}},{\"@type\":\"ListItem\",\"position\":2,\"item\":{\"@id\":\"https:\/\/quartier-durable.com\/#content#webpage\"}}]}]}<\/script>\n<!-- \/ Yoast SEO plugin. -->","_links":{"self":[{"href":"https:\/\/quartier-durable.com\/index.php\/wp-json\/wp\/v2\/pages\/25"}],"collection":[{"href":"https:\/\/quartier-durable.com\/index.php\/wp-json\/wp\/v2\/pages"}],"about":[{"href":"https:\/\/quartier-durable.com\/index.php\/wp-json\/wp\/v2\/types\/page"}],"author":[{"embeddable":true,"href":"https:\/\/quartier-durable.com\/index.php\/wp-json\/wp\/v2\/users\/1"}],"replies":[{"embeddable":true,"href":"https:\/\/quartier-durable.com\/index.php\/wp-json\/wp\/v2\/comments?post=25"}],"version-history":[{"count":35,"href":"https:\/\/quartier-durable.com\/index.php\/wp-json\/wp\/v2\/pages\/25\/revisions"}],"predecessor-version":[{"id":5274,"href":"https:\/\/quartier-durable.com\/index.php\/wp-json\/wp\/v2\/pages\/25\/revisions\/5274"}],"wp:attachment":[{"href":"https:\/\/quartier-durable.com\/index.php\/wp-json\/wp\/v2\/media?parent=25"}],"curies":[{"name":"wp","href":"https:\/\/api.w.org\/{rel}","templated":true}]}}